{"id":2371,"date":"2022-07-21T11:40:10","date_gmt":"2022-07-21T09:40:10","guid":{"rendered":"https:\/\/ogt-wesselburen.de\/?page_id=2371"},"modified":"2022-07-21T11:40:15","modified_gmt":"2022-07-21T09:40:15","slug":"impressum","status":"publish","type":"page","link":"https:\/\/ogt-wesselburen.de\/?page_id=2371","title":{"rendered":"Impressum"},"content":{"rendered":"<p>[et_pb_section fb_built=&#8220;1&#8243; _builder_version=&#8220;4.4.8&#8243; title_text=&#8220;notebook-lined-paper-texture&#8220; background_image=&#8220;https:\/\/ogt-wesselburen.de\/wp-content\/uploads\/2022\/07\/notebook-lined-paper-texture-scaled.jpg&#8220; hover_enabled=&#8220;0&#8243;][et_pb_row _builder_version=&#8220;4.4.8&#8243;][et_pb_column _builder_version=&#8220;4.4.8&#8243; type=&#8220;4_4&#8243;][et_pb_text _builder_version=&#8220;4.4.8&#8243; text_font=&#8220;||||||||&#8220; header_font=&#8220;||||||||&#8220; header_2_font=&#8220;Montserrat|700|||||||&#8220; header_2_text_color=&#8220;#b3433d&#8220; header_2_font_size=&#8220;45px&#8220; header_2_line_height=&#8220;1.2em&#8220; custom_padding=&#8220;|||30px&#8220; hover_enabled=&#8220;0&#8243; header_2_font_size_tablet=&#8220;32px&#8220; header_2_font_size_phone=&#8220;24px&#8220; header_2_font_size_last_edited=&#8220;on|phone&#8220; border_color_all=&#8220;#57a3d7&#8243; border_width_left=&#8220;5px&#8220; locked=&#8220;off&#8220;]<\/p>\n<h2>Impressum<\/h2>\n<p>[\/et_pb_text][et_pb_text _builder_version=&#8220;4.4.8&#8243; text_font=&#8220;Lato||||||||&#8220; text_font_size=&#8220;20px&#8220; text_line_height=&#8220;1.8em&#8220; custom_margin=&#8220;|||30px&#8220; text_font_size_tablet=&#8220;16px&#8220; text_font_size_phone=&#8220;14px&#8220; text_font_size_last_edited=&#8220;on|phone&#8220; locked=&#8220;off&#8220;]<\/p>\n<p><strong>Tr\u00e4ger des Offenen Ganztages:<\/strong><\/p>\n<p><strong>Volkshochschulen in Dithmarschen e.V.<\/strong><br \/><strong> Leiter: Martin Gietzelt<\/strong><br \/><strong> 1. Vorsitzende &#8211; Petra B\u00fcnz<\/strong><br \/><strong> 2. Vorsitzende &#8211; Dr. Evelyn Tegeler<\/strong><br \/><strong> S\u00fcderstra\u00dfe 16<\/strong><br \/><strong> 25704 Meldorf<\/strong><br \/><strong> Telefon: 04832\/4243<\/strong><br \/><strong> FAX: 04832\/5040<\/strong><br \/><strong> E-Mail: mail@vhs-dithmarschen.de<\/strong><br \/><strong> AG Pinneberg, Vereinsregisternummer: VR 416 ME<\/strong><\/p>\n<h2><span style=\"color: #d26942;\"><strong>Haftungsausschluss<\/strong><\/span><\/h2>\n<p><strong>Sofern auf Verweisziele (&#8222;Links&#8220;) direkt oder indirekt verwiesen wird, die au\u00dferhalb des Verantwortungsbereiches des Vereins Volkshochschulen in Dithmarschen liegen, haftet dieser nur dann, wenn er von den Inhalten Kenntnis hat und es ihm technisch m\u00f6glich und zumutbar w\u00e4re, die Nutzung im Falle rechtswidriger Inhalte zu verhindern. F\u00fcr dar\u00fcber hinausgehende Inhalte und insbesondere f\u00fcr Sch\u00e4den, die aus der Nutzung oder Nichtnutzung solcherart dargebotener Informationen entstehen, haftet allein der Anbieter dieser Seiten. Diese Einschr\u00e4nkung gilt gleicherma\u00dfen auch f\u00fcr Fremdeintr\u00e4ge in vom Verein Volkshochschulen in Dithmarschen eingerichteten G\u00e4steb\u00fcchern, Diskussionsforen und Mailinglisten.<\/strong><\/p>\n<p>[\/et_pb_text][\/et_pb_column][\/et_pb_row][\/et_pb_section][et_pb_section fb_built=&#8220;1&#8243; admin_label=&#8220;Footer&#8220; _builder_version=&#8220;4.4.8&#8243; background_image=&#8220;https:\/\/ogt-wesselburen.de\/wp-content\/uploads\/2022\/07\/notebook-lined-paper-texture-scaled.jpg&#8220; custom_padding=&#8220;0||0px||false|false&#8220;][et_pb_row _builder_version=&#8220;4.4.8&#8243; custom_padding=&#8220;0|0px|0|0px|false|false&#8220; locked=&#8220;off&#8220;][et_pb_column type=&#8220;4_4&#8243; _builder_version=&#8220;4.4.8&#8243; custom_padding=&#8220;|||&#8220; custom_padding__hover=&#8220;|||&#8220;][et_pb_image src=&#8220;https:\/\/ogt-wesselburen.de\/wp-content\/uploads\/2022\/06\/Kreis-1.png&#8220; title_text=&#8220;Kreis&#8220; align=&#8220;right&#8220; _builder_version=&#8220;4.4.8&#8243; max_width_tablet=&#8220;100px&#8220; max_width_phone=&#8220;&#8220; max_width_last_edited=&#8220;on|tablet&#8220; animation_style=&#8220;roll&#8220; animation_direction=&#8220;bottom&#8220; animation_intensity_roll=&#8220;3%&#8220; always_center_on_mobile=&#8220;off&#8220;][\/et_pb_image][\/et_pb_column][\/et_pb_row][et_pb_row padding_top_bottom_link_1=&#8220;true&#8220; _builder_version=&#8220;4.4.8&#8243; background_color=&#8220;#a2bc57&#8243; custom_padding=&#8220;27px|30px|27px|30px|false|true&#8220; animation_style=&#8220;slide&#8220; animation_direction=&#8220;bottom&#8220; animation_intensity_slide=&#8220;2%&#8220;][et_pb_column type=&#8220;4_4&#8243; _builder_version=&#8220;3.25&#8243; custom_padding=&#8220;2vw||2vw|&#8220; custom_padding__hover=&#8220;|||&#8220;][et_pb_text _builder_version=&#8220;4.4.8&#8243; text_font=&#8220;Montserrat||||||||&#8220; text_font_size=&#8220;19px&#8220; text_line_height=&#8220;1.8em&#8220; header_font=&#8220;||||||||&#8220; header_2_font=&#8220;Lato|700|||||||&#8220; header_2_font_size=&#8220;48px&#8220; header_2_line_height=&#8220;1.2em&#8220; text_orientation=&#8220;center&#8220; background_layout=&#8220;dark&#8220; header_2_font_size_tablet=&#8220;32px&#8220; header_2_font_size_phone=&#8220;24px&#8220; header_2_font_size_last_edited=&#8220;on|phone&#8220;]<\/p>\n<h2>DER JIM NEWSLETTER<\/h2>\n<p>Bleibt stets auf dem Laufenden und erahrt alles \u00fcber unseren Offenen Ganztag und unserer Schulsozialarbeit.<\/p>\n<p>[\/et_pb_text][\/et_pb_column][\/et_pb_row][et_pb_row column_structure=&#8220;1_4,1_2,1_4&#8243; _builder_version=&#8220;4.4.8&#8243; background_color=&#8220;#b3433d&#8220; width=&#8220;100%&#8220; max_width=&#8220;100%&#8220; custom_padding=&#8220;3vw|40px|5vw|40px|false|true&#8220; use_custom_width=&#8220;on&#8220; width_unit=&#8220;off&#8220; custom_width_percent=&#8220;100%&#8220; locked=&#8220;off&#8220;][et_pb_column type=&#8220;1_4&#8243; _builder_version=&#8220;3.25&#8243; custom_padding=&#8220;|||&#8220; custom_padding__hover=&#8220;|||&#8220;][et_pb_code _builder_version=&#8220;4.4.8&#8243;]<script id=\"mcjs\">!function(c,h,i,m,p){m=c.createElement(h),p=c.getElementsByTagName(h)[0],m.async=1,m.src=i,p.parentNode.insertBefore(m,p)}(document,\"script\",\"https:\/\/chimpstatic.com\/mcjs-connected\/js\/users\/e287a9f3aafa2cbe128236e1f\/02baea9c528f91591030c7bc4.js\");<\/script>[\/et_pb_code][\/et_pb_column][et_pb_column type=&#8220;1_2&#8243; _builder_version=&#8220;3.25&#8243; custom_padding=&#8220;|||&#8220; custom_padding__hover=&#8220;|||&#8220;][et_pb_signup mailchimp_list=&#8220;de196784ba&#8220; last_name_field=&#8220;off&#8220; success_message=&#8220;Vielen Dank f\u00fcr deine Anmeldung&#8220; _builder_version=&#8220;4.4.8&#8243; background_color=&#8220;#b3433d&#8220;][\/et_pb_signup][\/et_pb_column][et_pb_column type=&#8220;1_4&#8243; _builder_version=&#8220;3.25&#8243; custom_padding=&#8220;|||&#8220; custom_padding__hover=&#8220;|||&#8220;][\/et_pb_column][\/et_pb_row][\/et_pb_section][et_pb_section fb_built=&#8220;1&#8243; _builder_version=&#8220;4.4.8&#8243; background_color=&#8220;#57a3d7&#8243;][et_pb_row column_structure=&#8220;1_3,1_3,1_3&#8243; _builder_version=&#8220;4.4.8&#8243;][et_pb_column type=&#8220;1_3&#8243; _builder_version=&#8220;4.4.8&#8243;][et_pb_text _builder_version=&#8220;4.4.8&#8243; text_font=&#8220;Merriweather|700|||||||&#8220; text_text_color=&#8220;#ffffff&#8220; text_font_size=&#8220;18px&#8220; header_4_font=&#8220;Merriweather|700|||||||&#8220; header_4_text_color=&#8220;#d26942&#8243; header_4_font_size=&#8220;20px&#8220;]<\/p>\n<h4>Kontakt<\/h4>\n<p>Tel. : 04833 1883<\/p>\n<p>Handy:\u00a0 0152 52313606<\/p>\n<p><a href=\"mailto:ogt-wesselburen@vhs-dithmarschen.de\">ogt-wesselburen@vhs-dithmarschen.de<\/a><\/p>\n<p>[\/et_pb_text][\/et_pb_column][et_pb_column type=&#8220;1_3&#8243; _builder_version=&#8220;4.4.8&#8243;][et_pb_text _builder_version=&#8220;4.4.8&#8243; text_font=&#8220;Merriweather|700|||||||&#8220; text_font_size=&#8220;20px&#8220;]<\/p>\n<p><a href=\"https:\/\/ogt-wesselburen.de\/wp-admin\/post.php?post=95&amp;action=edit\">Impressum<\/a><\/p>\n<p>[\/et_pb_text][et_pb_text _builder_version=&#8220;4.4.8&#8243; text_font=&#8220;Merriweather|700|||||||&#8220; text_font_size=&#8220;20px&#8220;]<\/p>\n<p><a href=\"https:\/\/ogt-wesselburen.de\/?page_id=1135&amp;preview_id=1135&amp;preview_nonce=09b8e6d107&amp;_thumbnail_id=-1&amp;preview=true\">Datenschutz<\/a><\/p>\n<p>[\/et_pb_text][\/et_pb_column][et_pb_column type=&#8220;1_3&#8243; _builder_version=&#8220;4.4.8&#8243;][et_pb_text _builder_version=&#8220;4.4.8&#8243; text_font=&#8220;|600|||||||&#8220; text_font_size=&#8220;20px&#8220;]<\/p>\n<p><a href=\"https:\/\/ogt-wesselburen.de\/?page_id=16\">Partner &amp; Website Empfehlungen<\/a><\/p>\n<p>[\/et_pb_text][\/et_pb_column][\/et_pb_row][\/et_pb_section]<\/p>\n","protected":false},"excerpt":{"rendered":"<p>Impressum Tr\u00e4ger des Offenen Ganztages: Volkshochschulen in Dithmarschen e.V. Leiter: Martin Gietzelt 1. Vorsitzende &#8211; Petra B\u00fcnz 2. Vorsitzende &#8211; Dr. Evelyn Tegeler S\u00fcderstra\u00dfe 16 25704 Meldorf Telefon: 04832\/4243 FAX: 04832\/5040 E-Mail: mail@vhs-dithmarschen.de AG Pinneberg, Vereinsregisternummer: VR 416 ME Haftungsausschluss Sofern auf Verweisziele (&#8222;Links&#8220;) direkt oder indirekt verwiesen wird, die au\u00dferhalb des Verantwortungsbereiches des Vereins [&hellip;]<\/p>\n","protected":false},"author":13,"featured_media":0,"parent":0,"menu_order":0,"comment_status":"closed","ping_status":"closed","template":"","meta":{"_et_pb_use_builder":"on","_et_pb_old_content":"","_et_gb_content_width":"","footnotes":""},"class_list":["post-2371","page","type-page","status-publish","hentry"],"_links":{"self":[{"href":"https:\/\/ogt-wesselburen.de\/index.php?rest_route=\/wp\/v2\/pages\/2371","targetHints":{"allow":["GET"]}}],"collection":[{"href":"https:\/\/ogt-wesselburen.de\/index.php?rest_route=\/wp\/v2\/pages"}],"about":[{"href":"https:\/\/ogt-wesselburen.de\/index.php?rest_route=\/wp\/v2\/types\/page"}],"author":[{"embeddable":true,"href":"https:\/\/ogt-wesselburen.de\/index.php?rest_route=\/wp\/v2\/users\/13"}],"replies":[{"embeddable":true,"href":"https:\/\/ogt-wesselburen.de\/index.php?rest_route=%2Fwp%2Fv2%2Fcomments&post=2371"}],"version-history":[{"count":3,"href":"https:\/\/ogt-wesselburen.de\/index.php?rest_route=\/wp\/v2\/pages\/2371\/revisions"}],"predecessor-version":[{"id":2376,"href":"https:\/\/ogt-wesselburen.de\/index.php?rest_route=\/wp\/v2\/pages\/2371\/revisions\/2376"}],"wp:attachment":[{"href":"https:\/\/ogt-wesselburen.de\/index.php?rest_route=%2Fwp%2Fv2%2Fmedia&parent=2371"}],"curies":[{"name":"wp","href":"https:\/\/api.w.org\/{rel}","templated":true}]}}